{"id":284,"date":"2025-03-10T08:36:08","date_gmt":"2025-03-10T08:36:08","guid":{"rendered":"https:\/\/mywayproperty.connectionthemes.com\/luxury-hospitality-residential-development\/"},"modified":"2025-04-09T07:12:30","modified_gmt":"2025-04-09T07:12:30","slug":"desenvolvimento-de-hospitalidade-e-residencial-de-luxo","status":"publish","type":"page","link":"https:\/\/mywayproperty.com\/pt-pt\/desenvolvimento-de-hospitalidade-e-residencial-de-luxo\/","title":{"rendered":"Desenvolvimento de hot\u00e9is e Residencial de Luxo"},"content":{"rendered":"<p>Oferecemos servi\u00e7os de consultoria especializados para projetos de hot\u00e9is de luxo, aproveitando o nosso profundo conhecimento das tend\u00eancias do setor, das expectativas dos h\u00f3spedes e dos requisitos operacionais. Aconselhamos sobre design, experi\u00eancia do h\u00f3spede e efici\u00eancia operacional, garantindo que os projetos atinjam todo o seu potencial.<\/p>\n","protected":false},"excerpt":{"rendered":"<p>Oferecemos servi\u00e7os de consultoria especializados para projetos de hot\u00e9is de luxo, aproveitando o nosso profundo conhecimento das tend\u00eancias do setor, das expectativas dos h\u00f3spedes e dos requisitos operacionais. Aconselhamos sobre design, experi\u00eancia do h\u00f3spede e efici\u00eancia operacional, garantindo que os projetos atinjam todo o seu potencial.<\/p>\n","protected":false},"author":1,"featured_media":248,"parent":0,"menu_order":0,"comment_status":"closed","ping_status":"closed","template":"template-luxury-hospitality-residential-development.php","meta":{"footnotes":""},"class_list":["post-284","page","type-page","status-publish","has-post-thumbnail","hentry"],"acf":[],"yoast_head":"<!-- This site is optimized with the Yoast SEO plugin v24.9 - https:\/\/yoast.com\/wordpress\/plugins\/seo\/ -->\n<title>Desenvolvimento de hot\u00e9is e Residencial de Luxo - My way property<\/title>\n<meta name=\"robots\" content=\"index, follow, max-snippet:-1, max-image-preview:large, max-video-preview:-1\" \/>\n<link rel=\"canonical\" href=\"https:\/\/mywayproperty.com\/luxury-hospitality-residential-development\/\" \/>\n<meta property=\"og:locale\" content=\"pt_PT\" \/>\n<meta property=\"og:type\" content=\"article\" \/>\n<meta property=\"og:title\" content=\"Desenvolvimento de hot\u00e9is e Residencial de Luxo - My way property\" \/>\n<meta property=\"og:description\" content=\"Oferecemos servi\u00e7os de consultoria especializados para projetos de hot\u00e9is de luxo, aproveitando o nosso profundo conhecimento das tend\u00eancias do setor, das expectativas dos h\u00f3spedes e dos requisitos operacionais. Aconselhamos sobre design, experi\u00eancia do h\u00f3spede e efici\u00eancia operacional, garantindo que os projetos atinjam todo o seu potencial.\" \/>\n<meta property=\"og:url\" content=\"https:\/\/mywayproperty.com\/luxury-hospitality-residential-development\/\" \/>\n<meta property=\"og:site_name\" content=\"My way property\" \/>\n<meta property=\"article:modified_time\" content=\"2025-04-09T07:12:30+00:00\" \/>\n<meta property=\"og:image\" content=\"https:\/\/mywayproperty.com\/wp-content\/uploads\/2025\/03\/service-banner.jpg\" \/>\n\t<meta property=\"og:image:width\" content=\"1910\" \/>\n\t<meta property=\"og:image:height\" content=\"1077\" \/>\n\t<meta property=\"og:image:type\" content=\"image\/jpeg\" \/>\n<meta name=\"twitter:card\" content=\"summary_large_image\" \/>\n<script type=\"application\/ld+json\" class=\"yoast-schema-graph\">{\"@context\":\"https:\/\/schema.org\",\"@graph\":[{\"@type\":\"WebPage\",\"@id\":\"https:\/\/mywayproperty.com\/luxury-hospitality-residential-development\/\",\"url\":\"https:\/\/mywayproperty.com\/luxury-hospitality-residential-development\/\",\"name\":\"Desenvolvimento de hot\u00e9is e Residencial de Luxo - My way property\",\"isPartOf\":{\"@id\":\"https:\/\/mywayproperty.com\/#website\"},\"primaryImageOfPage\":{\"@id\":\"https:\/\/mywayproperty.com\/luxury-hospitality-residential-development\/#primaryimage\"},\"image\":{\"@id\":\"https:\/\/mywayproperty.com\/luxury-hospitality-residential-development\/#primaryimage\"},\"thumbnailUrl\":\"https:\/\/mywayproperty.com\/wp-content\/uploads\/2025\/03\/service-banner.jpg\",\"datePublished\":\"2025-03-10T08:36:08+00:00\",\"dateModified\":\"2025-04-09T07:12:30+00:00\",\"breadcrumb\":{\"@id\":\"https:\/\/mywayproperty.com\/luxury-hospitality-residential-development\/#breadcrumb\"},\"inLanguage\":\"pt-PT\",\"potentialAction\":[{\"@type\":\"ReadAction\",\"target\":[\"https:\/\/mywayproperty.com\/luxury-hospitality-residential-development\/\"]}]},{\"@type\":\"ImageObject\",\"inLanguage\":\"pt-PT\",\"@id\":\"https:\/\/mywayproperty.com\/luxury-hospitality-residential-development\/#primaryimage\",\"url\":\"https:\/\/mywayproperty.com\/wp-content\/uploads\/2025\/03\/service-banner.jpg\",\"contentUrl\":\"https:\/\/mywayproperty.com\/wp-content\/uploads\/2025\/03\/service-banner.jpg\",\"width\":1910,\"height\":1077},{\"@type\":\"BreadcrumbList\",\"@id\":\"https:\/\/mywayproperty.com\/luxury-hospitality-residential-development\/#breadcrumb\",\"itemListElement\":[{\"@type\":\"ListItem\",\"position\":1,\"name\":\"Home\",\"item\":\"https:\/\/mywayproperty.com\/pt-pt\/\"},{\"@type\":\"ListItem\",\"position\":2,\"name\":\"Desenvolvimento de hot\u00e9is e Residencial de Luxo\"}]},{\"@type\":\"WebSite\",\"@id\":\"https:\/\/mywayproperty.com\/#website\",\"url\":\"https:\/\/mywayproperty.com\/\",\"name\":\"My way property\",\"description\":\"\",\"potentialAction\":[{\"@type\":\"SearchAction\",\"target\":{\"@type\":\"EntryPoint\",\"urlTemplate\":\"https:\/\/mywayproperty.com\/?s={search_term_string}\"},\"query-input\":{\"@type\":\"PropertyValueSpecification\",\"valueRequired\":true,\"valueName\":\"search_term_string\"}}],\"inLanguage\":\"pt-PT\"}]}<\/script>\n<!-- \/ Yoast SEO plugin. -->","yoast_head_json":{"title":"Desenvolvimento de hot\u00e9is e Residencial de Luxo - My way property","robots":{"index":"index","follow":"follow","max-snippet":"max-snippet:-1","max-image-preview":"max-image-preview:large","max-video-preview":"max-video-preview:-1"},"canonical":"https:\/\/mywayproperty.com\/luxury-hospitality-residential-development\/","og_locale":"pt_PT","og_type":"article","og_title":"Desenvolvimento de hot\u00e9is e Residencial de Luxo - My way property","og_description":"Oferecemos servi\u00e7os de consultoria especializados para projetos de hot\u00e9is de luxo, aproveitando o nosso profundo conhecimento das tend\u00eancias do setor, das expectativas dos h\u00f3spedes e dos requisitos operacionais. Aconselhamos sobre design, experi\u00eancia do h\u00f3spede e efici\u00eancia operacional, garantindo que os projetos atinjam todo o seu potencial.","og_url":"https:\/\/mywayproperty.com\/luxury-hospitality-residential-development\/","og_site_name":"My way property","article_modified_time":"2025-04-09T07:12:30+00:00","og_image":[{"width":1910,"height":1077,"url":"https:\/\/mywayproperty.com\/wp-content\/uploads\/2025\/03\/service-banner.jpg","type":"image\/jpeg"}],"twitter_card":"summary_large_image","schema":{"@context":"https:\/\/schema.org","@graph":[{"@type":"WebPage","@id":"https:\/\/mywayproperty.com\/luxury-hospitality-residential-development\/","url":"https:\/\/mywayproperty.com\/luxury-hospitality-residential-development\/","name":"Desenvolvimento de hot\u00e9is e Residencial de Luxo - My way property","isPartOf":{"@id":"https:\/\/mywayproperty.com\/#website"},"primaryImageOfPage":{"@id":"https:\/\/mywayproperty.com\/luxury-hospitality-residential-development\/#primaryimage"},"image":{"@id":"https:\/\/mywayproperty.com\/luxury-hospitality-residential-development\/#primaryimage"},"thumbnailUrl":"https:\/\/mywayproperty.com\/wp-content\/uploads\/2025\/03\/service-banner.jpg","datePublished":"2025-03-10T08:36:08+00:00","dateModified":"2025-04-09T07:12:30+00:00","breadcrumb":{"@id":"https:\/\/mywayproperty.com\/luxury-hospitality-residential-development\/#breadcrumb"},"inLanguage":"pt-PT","potentialAction":[{"@type":"ReadAction","target":["https:\/\/mywayproperty.com\/luxury-hospitality-residential-development\/"]}]},{"@type":"ImageObject","inLanguage":"pt-PT","@id":"https:\/\/mywayproperty.com\/luxury-hospitality-residential-development\/#primaryimage","url":"https:\/\/mywayproperty.com\/wp-content\/uploads\/2025\/03\/service-banner.jpg","contentUrl":"https:\/\/mywayproperty.com\/wp-content\/uploads\/2025\/03\/service-banner.jpg","width":1910,"height":1077},{"@type":"BreadcrumbList","@id":"https:\/\/mywayproperty.com\/luxury-hospitality-residential-development\/#breadcrumb","itemListElement":[{"@type":"ListItem","position":1,"name":"Home","item":"https:\/\/mywayproperty.com\/pt-pt\/"},{"@type":"ListItem","position":2,"name":"Desenvolvimento de hot\u00e9is e Residencial de Luxo"}]},{"@type":"WebSite","@id":"https:\/\/mywayproperty.com\/#website","url":"https:\/\/mywayproperty.com\/","name":"My way property","description":"","potentialAction":[{"@type":"SearchAction","target":{"@type":"EntryPoint","urlTemplate":"https:\/\/mywayproperty.com\/?s={search_term_string}"},"query-input":{"@type":"PropertyValueSpecification","valueRequired":true,"valueName":"search_term_string"}}],"inLanguage":"pt-PT"}]}},"_links":{"self":[{"href":"https:\/\/mywayproperty.com\/pt-pt\/wp-json\/wp\/v2\/pages\/284","targetHints":{"allow":["GET"]}}],"collection":[{"href":"https:\/\/mywayproperty.com\/pt-pt\/wp-json\/wp\/v2\/pages"}],"about":[{"href":"https:\/\/mywayproperty.com\/pt-pt\/wp-json\/wp\/v2\/types\/page"}],"author":[{"embeddable":true,"href":"https:\/\/mywayproperty.com\/pt-pt\/wp-json\/wp\/v2\/users\/1"}],"replies":[{"embeddable":true,"href":"https:\/\/mywayproperty.com\/pt-pt\/wp-json\/wp\/v2\/comments?post=284"}],"version-history":[{"count":10,"href":"https:\/\/mywayproperty.com\/pt-pt\/wp-json\/wp\/v2\/pages\/284\/revisions"}],"predecessor-version":[{"id":325,"href":"https:\/\/mywayproperty.com\/pt-pt\/wp-json\/wp\/v2\/pages\/284\/revisions\/325"}],"wp:featuredmedia":[{"embeddable":true,"href":"https:\/\/mywayproperty.com\/pt-pt\/wp-json\/wp\/v2\/media\/248"}],"wp:attachment":[{"href":"https:\/\/mywayproperty.com\/pt-pt\/wp-json\/wp\/v2\/media?parent=284"}],"curies":[{"name":"wp","href":"https:\/\/api.w.org\/{rel}","templated":true}]}}