{"id":281,"date":"2025-03-10T08:36:02","date_gmt":"2025-03-10T08:36:02","guid":{"rendered":"https:\/\/mywayproperty.connectionthemes.com\/real-estate-properties\/"},"modified":"2025-04-09T07:17:03","modified_gmt":"2025-04-09T07:17:03","slug":"imoveis-imobiliarios","status":"publish","type":"page","link":"https:\/\/mywayproperty.com\/pt-pt\/imoveis-imobiliarios\/","title":{"rendered":"Desenvolvimento Imobili\u00e1rio"},"content":{"rendered":"<p>Temos orgulho em ajudar na pesquisa local de neg\u00f3cios imobili\u00e1rios para investidores internacionais.<br \/>\nServi\u00e7os para Investidores Internacionais, fornecendo apoio dedicado a investidores internacionais que procuram oportunidades imobili\u00e1rias na nossa regi\u00e3o. A nossa experi\u00eancia no mercado local permite-nos identificar e propor neg\u00f3cios de investimento de excel\u00eancia, navegando pelas complexidades das regulamenta\u00e7\u00f5es e procedimentos locais em seu nome. Isto inclui uma dilig\u00eancia devida completa, an\u00e1lise de mercado e servi\u00e7os de consultoria em investimentos.<\/p>\n<p>Desenvolvimento Imobili\u00e1rio, gerimos todo o ciclo de vida do desenvolvimento, desde o conceito e estudos de viabilidade at\u00e9 \u00e0 gest\u00e3o da constru\u00e7\u00e3o e entrega do projeto, garantindo uma execu\u00e7\u00e3o perfeita e o cumprimento dos mais altos padr\u00f5es de qualidade.<\/p>\n","protected":false},"excerpt":{"rendered":"<p>Temos orgulho em ajudar na pesquisa local de neg\u00f3cios imobili\u00e1rios para investidores internacionais. Servi\u00e7os para Investidores Internacionais, fornecendo apoio dedicado a investidores internacionais que procuram oportunidades imobili\u00e1rias na nossa regi\u00e3o. A nossa experi\u00eancia no mercado local permite-nos identificar e propor neg\u00f3cios de investimento de excel\u00eancia, navegando pelas complexidades das regulamenta\u00e7\u00f5es e procedimentos locais em seu [&hellip;]<\/p>\n","protected":false},"author":1,"featured_media":247,"parent":0,"menu_order":0,"comment_status":"closed","ping_status":"closed","template":"template-real-estate-properties.php","meta":{"footnotes":""},"class_list":["post-281","page","type-page","status-publish","has-post-thumbnail","hentry"],"acf":[],"yoast_head":"<!-- This site is optimized with the Yoast SEO plugin v24.9 - https:\/\/yoast.com\/wordpress\/plugins\/seo\/ -->\n<title>Desenvolvimento Imobili\u00e1rio - My way property<\/title>\n<meta name=\"robots\" content=\"index, follow, max-snippet:-1, max-image-preview:large, max-video-preview:-1\" \/>\n<link rel=\"canonical\" href=\"https:\/\/mywayproperty.com\/real-estate-properties\/\" \/>\n<meta property=\"og:locale\" content=\"pt_PT\" \/>\n<meta property=\"og:type\" content=\"article\" \/>\n<meta property=\"og:title\" content=\"Desenvolvimento Imobili\u00e1rio - My way property\" \/>\n<meta property=\"og:description\" content=\"Temos orgulho em ajudar na pesquisa local de neg\u00f3cios imobili\u00e1rios para investidores internacionais. Servi\u00e7os para Investidores Internacionais, fornecendo apoio dedicado a investidores internacionais que procuram oportunidades imobili\u00e1rias na nossa regi\u00e3o. A nossa experi\u00eancia no mercado local permite-nos identificar e propor neg\u00f3cios de investimento de excel\u00eancia, navegando pelas complexidades das regulamenta\u00e7\u00f5es e procedimentos locais em seu [&hellip;]\" \/>\n<meta property=\"og:url\" content=\"https:\/\/mywayproperty.com\/real-estate-properties\/\" \/>\n<meta property=\"og:site_name\" content=\"My way property\" \/>\n<meta property=\"article:modified_time\" content=\"2025-04-09T07:17:03+00:00\" \/>\n<meta property=\"og:image\" content=\"https:\/\/mywayproperty.com\/wp-content\/uploads\/2025\/03\/rep-header-1024x681.png\" \/>\n\t<meta property=\"og:image:width\" content=\"1024\" \/>\n\t<meta property=\"og:image:height\" content=\"681\" \/>\n\t<meta property=\"og:image:type\" content=\"image\/png\" \/>\n<meta name=\"twitter:card\" content=\"summary_large_image\" \/>\n<meta name=\"twitter:label1\" content=\"Tempo estimado de leitura\" \/>\n\t<meta name=\"twitter:data1\" content=\"1 minuto\" \/>\n<script type=\"application\/ld+json\" class=\"yoast-schema-graph\">{\"@context\":\"https:\/\/schema.org\",\"@graph\":[{\"@type\":\"WebPage\",\"@id\":\"https:\/\/mywayproperty.com\/real-estate-properties\/\",\"url\":\"https:\/\/mywayproperty.com\/real-estate-properties\/\",\"name\":\"Desenvolvimento Imobili\u00e1rio - My way property\",\"isPartOf\":{\"@id\":\"https:\/\/mywayproperty.com\/#website\"},\"primaryImageOfPage\":{\"@id\":\"https:\/\/mywayproperty.com\/real-estate-properties\/#primaryimage\"},\"image\":{\"@id\":\"https:\/\/mywayproperty.com\/real-estate-properties\/#primaryimage\"},\"thumbnailUrl\":\"https:\/\/mywayproperty.com\/wp-content\/uploads\/2025\/03\/rep-header.png\",\"datePublished\":\"2025-03-10T08:36:02+00:00\",\"dateModified\":\"2025-04-09T07:17:03+00:00\",\"breadcrumb\":{\"@id\":\"https:\/\/mywayproperty.com\/real-estate-properties\/#breadcrumb\"},\"inLanguage\":\"pt-PT\",\"potentialAction\":[{\"@type\":\"ReadAction\",\"target\":[\"https:\/\/mywayproperty.com\/real-estate-properties\/\"]}]},{\"@type\":\"ImageObject\",\"inLanguage\":\"pt-PT\",\"@id\":\"https:\/\/mywayproperty.com\/real-estate-properties\/#primaryimage\",\"url\":\"https:\/\/mywayproperty.com\/wp-content\/uploads\/2025\/03\/rep-header.png\",\"contentUrl\":\"https:\/\/mywayproperty.com\/wp-content\/uploads\/2025\/03\/rep-header.png\",\"width\":3899,\"height\":2594},{\"@type\":\"BreadcrumbList\",\"@id\":\"https:\/\/mywayproperty.com\/real-estate-properties\/#breadcrumb\",\"itemListElement\":[{\"@type\":\"ListItem\",\"position\":1,\"name\":\"Home\",\"item\":\"https:\/\/mywayproperty.com\/pt-pt\/\"},{\"@type\":\"ListItem\",\"position\":2,\"name\":\"Desenvolvimento Imobili\u00e1rio\"}]},{\"@type\":\"WebSite\",\"@id\":\"https:\/\/mywayproperty.com\/#website\",\"url\":\"https:\/\/mywayproperty.com\/\",\"name\":\"My way property\",\"description\":\"\",\"potentialAction\":[{\"@type\":\"SearchAction\",\"target\":{\"@type\":\"EntryPoint\",\"urlTemplate\":\"https:\/\/mywayproperty.com\/?s={search_term_string}\"},\"query-input\":{\"@type\":\"PropertyValueSpecification\",\"valueRequired\":true,\"valueName\":\"search_term_string\"}}],\"inLanguage\":\"pt-PT\"}]}<\/script>\n<!-- \/ Yoast SEO plugin. -->","yoast_head_json":{"title":"Desenvolvimento Imobili\u00e1rio - My way property","robots":{"index":"index","follow":"follow","max-snippet":"max-snippet:-1","max-image-preview":"max-image-preview:large","max-video-preview":"max-video-preview:-1"},"canonical":"https:\/\/mywayproperty.com\/real-estate-properties\/","og_locale":"pt_PT","og_type":"article","og_title":"Desenvolvimento Imobili\u00e1rio - My way property","og_description":"Temos orgulho em ajudar na pesquisa local de neg\u00f3cios imobili\u00e1rios para investidores internacionais. Servi\u00e7os para Investidores Internacionais, fornecendo apoio dedicado a investidores internacionais que procuram oportunidades imobili\u00e1rias na nossa regi\u00e3o. A nossa experi\u00eancia no mercado local permite-nos identificar e propor neg\u00f3cios de investimento de excel\u00eancia, navegando pelas complexidades das regulamenta\u00e7\u00f5es e procedimentos locais em seu [&hellip;]","og_url":"https:\/\/mywayproperty.com\/real-estate-properties\/","og_site_name":"My way property","article_modified_time":"2025-04-09T07:17:03+00:00","og_image":[{"width":1024,"height":681,"url":"https:\/\/mywayproperty.com\/wp-content\/uploads\/2025\/03\/rep-header-1024x681.png","type":"image\/png"}],"twitter_card":"summary_large_image","twitter_misc":{"Tempo estimado de leitura":"1 minuto"},"schema":{"@context":"https:\/\/schema.org","@graph":[{"@type":"WebPage","@id":"https:\/\/mywayproperty.com\/real-estate-properties\/","url":"https:\/\/mywayproperty.com\/real-estate-properties\/","name":"Desenvolvimento Imobili\u00e1rio - My way property","isPartOf":{"@id":"https:\/\/mywayproperty.com\/#website"},"primaryImageOfPage":{"@id":"https:\/\/mywayproperty.com\/real-estate-properties\/#primaryimage"},"image":{"@id":"https:\/\/mywayproperty.com\/real-estate-properties\/#primaryimage"},"thumbnailUrl":"https:\/\/mywayproperty.com\/wp-content\/uploads\/2025\/03\/rep-header.png","datePublished":"2025-03-10T08:36:02+00:00","dateModified":"2025-04-09T07:17:03+00:00","breadcrumb":{"@id":"https:\/\/mywayproperty.com\/real-estate-properties\/#breadcrumb"},"inLanguage":"pt-PT","potentialAction":[{"@type":"ReadAction","target":["https:\/\/mywayproperty.com\/real-estate-properties\/"]}]},{"@type":"ImageObject","inLanguage":"pt-PT","@id":"https:\/\/mywayproperty.com\/real-estate-properties\/#primaryimage","url":"https:\/\/mywayproperty.com\/wp-content\/uploads\/2025\/03\/rep-header.png","contentUrl":"https:\/\/mywayproperty.com\/wp-content\/uploads\/2025\/03\/rep-header.png","width":3899,"height":2594},{"@type":"BreadcrumbList","@id":"https:\/\/mywayproperty.com\/real-estate-properties\/#breadcrumb","itemListElement":[{"@type":"ListItem","position":1,"name":"Home","item":"https:\/\/mywayproperty.com\/pt-pt\/"},{"@type":"ListItem","position":2,"name":"Desenvolvimento Imobili\u00e1rio"}]},{"@type":"WebSite","@id":"https:\/\/mywayproperty.com\/#website","url":"https:\/\/mywayproperty.com\/","name":"My way property","description":"","potentialAction":[{"@type":"SearchAction","target":{"@type":"EntryPoint","urlTemplate":"https:\/\/mywayproperty.com\/?s={search_term_string}"},"query-input":{"@type":"PropertyValueSpecification","valueRequired":true,"valueName":"search_term_string"}}],"inLanguage":"pt-PT"}]}},"_links":{"self":[{"href":"https:\/\/mywayproperty.com\/pt-pt\/wp-json\/wp\/v2\/pages\/281","targetHints":{"allow":["GET"]}}],"collection":[{"href":"https:\/\/mywayproperty.com\/pt-pt\/wp-json\/wp\/v2\/pages"}],"about":[{"href":"https:\/\/mywayproperty.com\/pt-pt\/wp-json\/wp\/v2\/types\/page"}],"author":[{"embeddable":true,"href":"https:\/\/mywayproperty.com\/pt-pt\/wp-json\/wp\/v2\/users\/1"}],"replies":[{"embeddable":true,"href":"https:\/\/mywayproperty.com\/pt-pt\/wp-json\/wp\/v2\/comments?post=281"}],"version-history":[{"count":4,"href":"https:\/\/mywayproperty.com\/pt-pt\/wp-json\/wp\/v2\/pages\/281\/revisions"}],"predecessor-version":[{"id":328,"href":"https:\/\/mywayproperty.com\/pt-pt\/wp-json\/wp\/v2\/pages\/281\/revisions\/328"}],"wp:featuredmedia":[{"embeddable":true,"href":"https:\/\/mywayproperty.com\/pt-pt\/wp-json\/wp\/v2\/media\/247"}],"wp:attachment":[{"href":"https:\/\/mywayproperty.com\/pt-pt\/wp-json\/wp\/v2\/media?parent=281"}],"curies":[{"name":"wp","href":"https:\/\/api.w.org\/{rel}","templated":true}]}}