{"id":274,"date":"2025-03-10T08:35:40","date_gmt":"2025-03-10T08:35:40","guid":{"rendered":"https:\/\/mywayproperty.connectionthemes.com\/about-us\/"},"modified":"2025-04-09T07:05:15","modified_gmt":"2025-04-09T07:05:15","slug":"sobre-nos","status":"publish","type":"page","link":"https:\/\/mywayproperty.com\/pt-pt\/sobre-nos\/","title":{"rendered":"Sobre n\u00f3s"},"content":{"rendered":"<p>A nossa equipa tem experi\u00eancia local e internacional nos din\u00e2micos setores do Imobili\u00e1rio, Hot\u00e9is e Arquitetura. A nossa equipa tem experi\u00eancia com marcas de renome mundial em projetos ic\u00f3nicos, incluindo One Palm Dorchester Dubai, W Hotel Palm Jumeirah Dubai, Dubai Opera House, Conrad Hotels, Hyatt Hotels ou Intercontinental Hotels. Al\u00e9m disso, a nossa equipa contribuiu para megaempreendimentos transformadores como o NEOM ou o Diriyah Gate, demonstrando a nossa capacidade de gerir projetos de grande escala e complexidade.<\/p>\n<p>Temos orgulho em ajudar na pesquisa local de neg\u00f3cios imobili\u00e1rios para investidores internacionais.<br \/>\nServi\u00e7os para Investidores Internacionais, fornecendo apoio dedicado a investidores internacionais que procuram oportunidades imobili\u00e1rias na nossa regi\u00e3o. A nossa experi\u00eancia no mercado local permite-nos identificar e propor neg\u00f3cios de investimento de excel\u00eancia, navegando pelas complexidades das regulamenta\u00e7\u00f5es e procedimentos locais em seu nome. Isto inclui dilig\u00eancia devida completa, an\u00e1lise de mercado e servi\u00e7os de consultoria em investimentos.<br \/>\nDesenvolvimento Imobili\u00e1rio, gerimos todo o ciclo de vida do desenvolvimento, desde o conceito e estudos de viabilidade at\u00e9 \u00e0 gest\u00e3o da constru\u00e7\u00e3o e entrega do projeto, assegurando uma execu\u00e7\u00e3o perfeita e o cumprimento dos mais altos padr\u00f5es de qualidade.<\/p>\n<p>Os nossos servi\u00e7os incluem Consultoria em Desenvolvimento Arquitet\u00f3nico de Hot\u00e9is de Luxo<br \/>\nOferecendo servi\u00e7os de consultoria especializados para projetos de Hot\u00e9is de luxo, aproveitando a nossa profunda compreens\u00e3o das tend\u00eancias do setor, expectativas dos h\u00f3spedes e requisitos operacionais. Aconselhamos sobre design, experi\u00eancia do h\u00f3spede e efici\u00eancia operacional, garantindo que os projetos atinjam o seu potencial m\u00e1ximo.<\/p>\n<p>Desenvolvimento de Conceito, colaboramos com os clientes para definir a vis\u00e3o do projeto, o mercado-alvo e a atmosfera desejada. Trazemos uma perspetiva \u00fanica \u00e0 revis\u00e3o do conceito, constru\u00e7\u00e3o e maquetes, priorizando a experi\u00eancia do h\u00f3spede de alto padr\u00e3o. Analisamos os designs e materiais do ponto de vista do h\u00f3spede, garantindo que cada detalhe contribua para uma estadia luxuosa e memor\u00e1vel.<br \/>\n\u00c1reas Funcionais e Programa\u00e7\u00e3o de Espa\u00e7o (FOH &amp; BOH), planeamos meticulosamente a disposi\u00e7\u00e3o e funcionalidade das \u00e1reas Front of House (FOH) e Back of House (BOH), otimizando a efici\u00eancia operacional e a experi\u00eancia do h\u00f3spede. Isto abrange desde quartos e \u00e1reas p\u00fablicas at\u00e9 cozinhas, \u00e1reas de staff e acessos de servi\u00e7o, assegurando uma integra\u00e7\u00e3o e fluxo perfeitos.<\/p>\n<p>Revis\u00e3o de Arquitetura e Design de Interiores, fornecendo revis\u00e3o especializada de planos arquitet\u00f3nicos e de design de interiores, garantindo que est\u00e3o alinhados com a vis\u00e3o do projeto, padr\u00f5es da marca e requisitos funcionais. Isto inclui a avalia\u00e7\u00e3o da est\u00e9tica, sele\u00e7\u00e3o de materiais e coer\u00eancia geral do design. Tamb\u00e9m podemos ajudar na sele\u00e7\u00e3o e revis\u00e3o de designers, garantindo que a equipa criativa certa esteja no lugar certo.<br \/>\nAdotamos uma abordagem estrat\u00e9gica \u00e0 engenharia de valor, focando na otimiza\u00e7\u00e3o dos custos do projeto sem comprometer a qualidade ou a integridade do design. Os nossos servi\u00e7os de engenharia de valor s\u00e3o adaptados aos objetivos espec\u00edficos do projeto. Revemos meticulosamente os planos e especifica\u00e7\u00f5es de constru\u00e7\u00e3o, propondo melhorias nos detalhes e m\u00e9todos construtivos para aumentar a qualidade, efici\u00eancia e durabilidade.<\/p>\n<p>Temos tamb\u00e9m orgulho em ajudar a desenvolver projetos inteligentes, tecnol\u00f3gicos, luxuosos, ajardinados e sustent\u00e1veis, transformando a vis\u00e3o dos nossos clientes em realidade.<br \/>\nTemos paix\u00e3o por transformar a vis\u00e3o dos nossos clientes em realidade tang\u00edvel, especializados no desenvolvimento de projetos residenciais e de Hot\u00e9is de alto padr\u00e3o. A nossa experi\u00eancia vai al\u00e9m do design e da constru\u00e7\u00e3o. Estamos comprometidos com pr\u00e1ticas de desenvolvimento sustent\u00e1vel, integrando princ\u00edpios e tecnologias de design ambientalmente respons\u00e1veis em todos os nossos projetos. Abra\u00e7amos tecnologia de ponta para criar espa\u00e7os inteligentes e conectados.<\/p>\n<p>O nosso compromisso com a excel\u00eancia, combinado com a nossa extensa rede de parceiros e o nosso profundo conhecimento dos mercados local e internacional, posiciona-nos como um parceiro de confian\u00e7a para clientes que procuram criar projetos imobili\u00e1rios e arquitet\u00f3nicos excecionais. Estamos dedicados a entregar solu\u00e7\u00f5es inovadoras que superem as expectativas e contribuam para o crescimento e prosperidade das comunidades que servimos.<\/p>\n","protected":false},"excerpt":{"rendered":"<p>A nossa equipa tem experi\u00eancia local e internacional nos din\u00e2micos setores do Imobili\u00e1rio, Hot\u00e9is e Arquitetura. A nossa equipa tem experi\u00eancia com marcas de renome mundial em projetos ic\u00f3nicos, incluindo One Palm Dorchester Dubai, W Hotel Palm Jumeirah Dubai, Dubai Opera House, Conrad Hotels, Hyatt Hotels ou Intercontinental Hotels. Al\u00e9m disso, a nossa equipa contribuiu [&hellip;]<\/p>\n","protected":false},"author":1,"featured_media":241,"parent":0,"menu_order":0,"comment_status":"closed","ping_status":"closed","template":"template-about-us.php","meta":{"footnotes":""},"class_list":["post-274","page","type-page","status-publish","has-post-thumbnail","hentry"],"acf":[],"yoast_head":"<!-- This site is optimized with the Yoast SEO plugin v24.9 - https:\/\/yoast.com\/wordpress\/plugins\/seo\/ -->\n<title>Sobre n\u00f3s - My way property<\/title>\n<meta name=\"robots\" content=\"index, follow, max-snippet:-1, max-image-preview:large, max-video-preview:-1\" \/>\n<link rel=\"canonical\" href=\"https:\/\/mywayproperty.com\/about-us\/\" \/>\n<meta property=\"og:locale\" content=\"pt_PT\" \/>\n<meta property=\"og:type\" content=\"article\" \/>\n<meta property=\"og:title\" content=\"Sobre n\u00f3s - My way property\" \/>\n<meta property=\"og:description\" content=\"A nossa equipa tem experi\u00eancia local e internacional nos din\u00e2micos setores do Imobili\u00e1rio, Hot\u00e9is e Arquitetura. A nossa equipa tem experi\u00eancia com marcas de renome mundial em projetos ic\u00f3nicos, incluindo One Palm Dorchester Dubai, W Hotel Palm Jumeirah Dubai, Dubai Opera House, Conrad Hotels, Hyatt Hotels ou Intercontinental Hotels. Al\u00e9m disso, a nossa equipa contribuiu [&hellip;]\" \/>\n<meta property=\"og:url\" content=\"https:\/\/mywayproperty.com\/about-us\/\" \/>\n<meta property=\"og:site_name\" content=\"My way property\" \/>\n<meta property=\"article:modified_time\" content=\"2025-04-09T07:05:15+00:00\" \/>\n<meta property=\"og:image\" content=\"https:\/\/mywayproperty.com\/wp-content\/uploads\/2025\/03\/aboutus-banner.jpg\" \/>\n\t<meta property=\"og:image:width\" content=\"1540\" \/>\n\t<meta property=\"og:image:height\" content=\"1026\" \/>\n\t<meta property=\"og:image:type\" content=\"image\/jpeg\" \/>\n<meta name=\"twitter:card\" content=\"summary_large_image\" \/>\n<meta name=\"twitter:label1\" content=\"Tempo estimado de leitura\" \/>\n\t<meta name=\"twitter:data1\" content=\"4 minutos\" \/>\n<script type=\"application\/ld+json\" class=\"yoast-schema-graph\">{\"@context\":\"https:\/\/schema.org\",\"@graph\":[{\"@type\":\"WebPage\",\"@id\":\"https:\/\/mywayproperty.com\/about-us\/\",\"url\":\"https:\/\/mywayproperty.com\/about-us\/\",\"name\":\"Sobre n\u00f3s - My way property\",\"isPartOf\":{\"@id\":\"https:\/\/mywayproperty.com\/#website\"},\"primaryImageOfPage\":{\"@id\":\"https:\/\/mywayproperty.com\/about-us\/#primaryimage\"},\"image\":{\"@id\":\"https:\/\/mywayproperty.com\/about-us\/#primaryimage\"},\"thumbnailUrl\":\"https:\/\/mywayproperty.com\/wp-content\/uploads\/2025\/03\/aboutus-banner.jpg\",\"datePublished\":\"2025-03-10T08:35:40+00:00\",\"dateModified\":\"2025-04-09T07:05:15+00:00\",\"breadcrumb\":{\"@id\":\"https:\/\/mywayproperty.com\/about-us\/#breadcrumb\"},\"inLanguage\":\"pt-PT\",\"potentialAction\":[{\"@type\":\"ReadAction\",\"target\":[\"https:\/\/mywayproperty.com\/about-us\/\"]}]},{\"@type\":\"ImageObject\",\"inLanguage\":\"pt-PT\",\"@id\":\"https:\/\/mywayproperty.com\/about-us\/#primaryimage\",\"url\":\"https:\/\/mywayproperty.com\/wp-content\/uploads\/2025\/03\/aboutus-banner.jpg\",\"contentUrl\":\"https:\/\/mywayproperty.com\/wp-content\/uploads\/2025\/03\/aboutus-banner.jpg\",\"width\":1540,\"height\":1026},{\"@type\":\"BreadcrumbList\",\"@id\":\"https:\/\/mywayproperty.com\/about-us\/#breadcrumb\",\"itemListElement\":[{\"@type\":\"ListItem\",\"position\":1,\"name\":\"Home\",\"item\":\"https:\/\/mywayproperty.com\/pt-pt\/\"},{\"@type\":\"ListItem\",\"position\":2,\"name\":\"Sobre n\u00f3s\"}]},{\"@type\":\"WebSite\",\"@id\":\"https:\/\/mywayproperty.com\/#website\",\"url\":\"https:\/\/mywayproperty.com\/\",\"name\":\"My way property\",\"description\":\"\",\"potentialAction\":[{\"@type\":\"SearchAction\",\"target\":{\"@type\":\"EntryPoint\",\"urlTemplate\":\"https:\/\/mywayproperty.com\/?s={search_term_string}\"},\"query-input\":{\"@type\":\"PropertyValueSpecification\",\"valueRequired\":true,\"valueName\":\"search_term_string\"}}],\"inLanguage\":\"pt-PT\"}]}<\/script>\n<!-- \/ Yoast SEO plugin. -->","yoast_head_json":{"title":"Sobre n\u00f3s - My way property","robots":{"index":"index","follow":"follow","max-snippet":"max-snippet:-1","max-image-preview":"max-image-preview:large","max-video-preview":"max-video-preview:-1"},"canonical":"https:\/\/mywayproperty.com\/about-us\/","og_locale":"pt_PT","og_type":"article","og_title":"Sobre n\u00f3s - My way property","og_description":"A nossa equipa tem experi\u00eancia local e internacional nos din\u00e2micos setores do Imobili\u00e1rio, Hot\u00e9is e Arquitetura. A nossa equipa tem experi\u00eancia com marcas de renome mundial em projetos ic\u00f3nicos, incluindo One Palm Dorchester Dubai, W Hotel Palm Jumeirah Dubai, Dubai Opera House, Conrad Hotels, Hyatt Hotels ou Intercontinental Hotels. Al\u00e9m disso, a nossa equipa contribuiu [&hellip;]","og_url":"https:\/\/mywayproperty.com\/about-us\/","og_site_name":"My way property","article_modified_time":"2025-04-09T07:05:15+00:00","og_image":[{"width":1540,"height":1026,"url":"https:\/\/mywayproperty.com\/wp-content\/uploads\/2025\/03\/aboutus-banner.jpg","type":"image\/jpeg"}],"twitter_card":"summary_large_image","twitter_misc":{"Tempo estimado de leitura":"4 minutos"},"schema":{"@context":"https:\/\/schema.org","@graph":[{"@type":"WebPage","@id":"https:\/\/mywayproperty.com\/about-us\/","url":"https:\/\/mywayproperty.com\/about-us\/","name":"Sobre n\u00f3s - My way property","isPartOf":{"@id":"https:\/\/mywayproperty.com\/#website"},"primaryImageOfPage":{"@id":"https:\/\/mywayproperty.com\/about-us\/#primaryimage"},"image":{"@id":"https:\/\/mywayproperty.com\/about-us\/#primaryimage"},"thumbnailUrl":"https:\/\/mywayproperty.com\/wp-content\/uploads\/2025\/03\/aboutus-banner.jpg","datePublished":"2025-03-10T08:35:40+00:00","dateModified":"2025-04-09T07:05:15+00:00","breadcrumb":{"@id":"https:\/\/mywayproperty.com\/about-us\/#breadcrumb"},"inLanguage":"pt-PT","potentialAction":[{"@type":"ReadAction","target":["https:\/\/mywayproperty.com\/about-us\/"]}]},{"@type":"ImageObject","inLanguage":"pt-PT","@id":"https:\/\/mywayproperty.com\/about-us\/#primaryimage","url":"https:\/\/mywayproperty.com\/wp-content\/uploads\/2025\/03\/aboutus-banner.jpg","contentUrl":"https:\/\/mywayproperty.com\/wp-content\/uploads\/2025\/03\/aboutus-banner.jpg","width":1540,"height":1026},{"@type":"BreadcrumbList","@id":"https:\/\/mywayproperty.com\/about-us\/#breadcrumb","itemListElement":[{"@type":"ListItem","position":1,"name":"Home","item":"https:\/\/mywayproperty.com\/pt-pt\/"},{"@type":"ListItem","position":2,"name":"Sobre n\u00f3s"}]},{"@type":"WebSite","@id":"https:\/\/mywayproperty.com\/#website","url":"https:\/\/mywayproperty.com\/","name":"My way property","description":"","potentialAction":[{"@type":"SearchAction","target":{"@type":"EntryPoint","urlTemplate":"https:\/\/mywayproperty.com\/?s={search_term_string}"},"query-input":{"@type":"PropertyValueSpecification","valueRequired":true,"valueName":"search_term_string"}}],"inLanguage":"pt-PT"}]}},"_links":{"self":[{"href":"https:\/\/mywayproperty.com\/pt-pt\/wp-json\/wp\/v2\/pages\/274","targetHints":{"allow":["GET"]}}],"collection":[{"href":"https:\/\/mywayproperty.com\/pt-pt\/wp-json\/wp\/v2\/pages"}],"about":[{"href":"https:\/\/mywayproperty.com\/pt-pt\/wp-json\/wp\/v2\/types\/page"}],"author":[{"embeddable":true,"href":"https:\/\/mywayproperty.com\/pt-pt\/wp-json\/wp\/v2\/users\/1"}],"replies":[{"embeddable":true,"href":"https:\/\/mywayproperty.com\/pt-pt\/wp-json\/wp\/v2\/comments?post=274"}],"version-history":[{"count":5,"href":"https:\/\/mywayproperty.com\/pt-pt\/wp-json\/wp\/v2\/pages\/274\/revisions"}],"predecessor-version":[{"id":316,"href":"https:\/\/mywayproperty.com\/pt-pt\/wp-json\/wp\/v2\/pages\/274\/revisions\/316"}],"wp:featuredmedia":[{"embeddable":true,"href":"https:\/\/mywayproperty.com\/pt-pt\/wp-json\/wp\/v2\/media\/241"}],"wp:attachment":[{"href":"https:\/\/mywayproperty.com\/pt-pt\/wp-json\/wp\/v2\/media?parent=274"}],"curies":[{"name":"wp","href":"https:\/\/api.w.org\/{rel}","templated":true}]}}